{"id":1869,"date":"2011-07-06T23:25:29","date_gmt":"2011-07-07T03:25:29","guid":{"rendered":"http:\/\/www.musicalamerica.com\/mablogs\/?page_id=1869"},"modified":"2015-10-13T19:25:35","modified_gmt":"2015-10-13T23:25:35","slug":"eugenias-concerts-at-the-verbier-festival-2011","status":"publish","type":"page","link":"http:\/\/www.musicalamerica.com\/mablogs\/?page_id=1869","title":{"rendered":"Eugenia&#8217;s Concerts at the Verbier Festival 2011"},"content":{"rendered":"<p><strong><span style=\"font-size: small;\">July 17<\/span><\/strong><br \/>\n<strong>11:00 Eglise<\/strong><\/p>\n<p><strong>Dmitry Sitkovetsky<\/strong>,<br \/>\n<strong>Kirill Troussov<\/strong>, violon<br \/>\n<strong>Nobuko Imai<\/strong>, alto<br \/>\n<strong>Frans Helmerson<\/strong>, violoncelle<br \/>\n<strong>Eugenia Zukerman<\/strong>, fl\u00fbte<br \/>\n<strong>Alexander Bedenko<\/strong>, clarinette<br \/>\n<strong>Robert Gleadow<\/strong>, baryton-basse<br \/>\n<strong>Elena Bashkirova<\/strong>, piano<\/p>\n<p><strong>Hanns Eisler<\/strong> (1898 \u2013 1962)<br \/>\n<em>Vierzehn Arten, den Regen zu beschreiben, variations pour vents, cordes et piano op.70<\/em><br \/>\n(Zukerman, Bedenko, Sitkovetksy, Imai, Helmerson, Bashkirova)<\/p>\n<p><em>Duo pour violon et violoncelle op.7<\/em><br \/>\n\u2014Tempo di minuetto<br \/>\n\u2014Allegretto vivace<br \/>\n(Sitkovetsky, Helmerson)<\/p>\n<p>Eisler was another of Sch\u00f6nberg&#8217;s students. Although the teacher disapproved of his pupil&#8217;s politics (socialism) the two respected each other greatly. &#8220;Fourteen Ways of Describing the Rain,&#8221; is witty, and evocative, and it was presented to Schonberg for a 70th birthday gift. Eisler felt it was his best chamber work. The aim of the piece was to convey a natural impression of the sound of rain. He also saw rain as a symbol of mourning.<\/p>\n<p><strong>Milton Babbitt<\/strong> (1916 -)<br \/>\n<em>Deux Sonnets pour baryton, clarinette, alto et violoncelle<\/em><br \/>\nGleadow, Bedenko, Imai, Helmerson)<\/p>\n<p><strong>Samuel Osborne Barber<\/strong> (1910 \u2013 1981)<br \/>\n<em>Dover Beach pour quatuor \u00e0 cordes et baryton<\/em>(Gleadow, Sitkovetsky, Troussov, Imai, Helmerson)<\/p>\n<p><strong>Arnold Sch\u00f6nberg<\/strong> (1874 \u2013 1951)<br \/>\n<em>Kammersinfonie pour fl\u00fbte, clarinette, violon, violoncelle et piano N\u00b0 1<\/em>(Sitkovetsky, Helmerson, Zukerman, Bedenko, Bashkirova)<\/p>\n<p>The famous early 20th century pioneer of atonality wrote his Kammerkonzert opus 9 for 15 solo instruments, but he then felt it would be best reduced to five soloists\u2014flute,clarinet,violin,cello and piano. Sch\u00f6nberg asked one of his pupils, Anton Webern to make the arrangement. The piece is really a late romantic work, but it&#8217;s also multidimensional, comprising five short segments that connect to form one continuous movement. The concentrated sequences, melodies, and structure hint at the complexities of the twelve tone music that was to become Sch\u00f6nberg&#8217;s signature. As the composer explained, &#8220;I am a conservative who was forced to become a revolutionary.&#8221;<\/p>\n<p>\u00a0<span style=\"font-size: small;\"><strong>July 21<\/strong><\/span><br \/>\n<strong>20:00 Eglise<\/strong><\/p>\n<p><strong>Lisa Batiashvili<\/strong>, violon<br \/>\n<strong>Nobuko Imai<\/strong>,<br \/>\n<strong>Lawrence Power<\/strong>,<br \/>\n<strong>Julian Rachlin<\/strong>, alto<br \/>\n<strong>Marie-Elisabeth Hecker<\/strong>,<br \/>\n<strong>Maximilian Hornung<\/strong>, violoncelle<br \/>\n<strong>Eugenia Zukerman<\/strong>, fl\u00fbte<br \/>\n<strong>Martin Helmchen<\/strong>,<br \/>\n<strong>Lars Vogt<\/strong>, piano<\/p>\n<p><strong>Andreas Jakob Romberg<\/strong> (1767 \u2013 1821)<br \/>\n<em>Quintette pour fl\u00fbte et cordes en mi mineur op.41 N\u00b0 1<\/em>\u2014Allegro<br \/>\n\u2014Minuetto : Allegretto moderato<br \/>\n\u2014Larghetto<br \/>\n\u2014Finale : Allegretto vivace<br \/>\n(Zukerman, Batiashvili, Imai, Power, Hornung)<\/p>\n<p>Andreas Jakob Romberg, was born into a large family of German musicians. Beethoven apparently admired his talents, and Hadyn took such an interest in Romberg&#8217;s string quartets, that he supposedly even passed off one of the quintets as his own. Romberg wrote 8 operas and 10 symphonies. His quintet op 41 #1 is for flute, violin, 2 violas and cello. It&#8217;s in 4 movements, and its slow movement quotes a popular English folk tune of the time, one that has a lot of resonance for Americans&#8211;God Save our King\/Queen, which in the United States is Our Country Tis of Thee\u2026.It&#8217;s a charming, graceful quintet, written in a style moving from classical to the romantic.<\/p>\n<p><strong>Robert Schumann<\/strong> (1810 \u2013 1856)<br \/>\n<em>Trio pour piano, violon et violoncelle N\u00b0 3 en sol mineur op.110<\/em>\u2014Bewegt, donc nicht zu rasch<br \/>\n\u2014Ziemlich langsam<br \/>\n\u2014Rasch<br \/>\n\u2014Kr\u00e4ftig, mit Humor<br \/>\n(Vogt, Rachlin, Hecker)<\/p>\n<p><strong>Franz Schubert<\/strong> (1797-1828)<br \/>\n<em>Trio pour piano, violon et violoncelle N\u00b0 2 en Mi b\u00e9mol majeur D 929<\/em>\u2014Allegro<br \/>\n\u2014Andante con moto<br \/>\n\u2014Scherzando. Allegro moderato \u2013 Trio<br \/>\n\u2014Allegro moderato<br \/>\n(Helmchen, Batiashvili, Hecker)<\/p>\n<p><strong><span style=\"font-size: small;\">July 24<\/span><br \/>\n11:00 Eglise<\/strong><\/p>\n<p><strong>Renaud Capu\u00e7on<\/strong>,<br \/>\n<strong>Ye-Eun Choi<\/strong>,<br \/>\n<strong>Kirill Troussov<\/strong>, violon<br \/>\n<strong>Lawrence Power<\/strong>, alto<br \/>\n<strong>Gautier Capu\u00e7on<\/strong>,<br \/>\n<strong>Maximilian Hornung<\/strong>, violoncelle<br \/>\n<strong>Eugenia Zukerman<\/strong>, fl\u00fbte<br \/>\n<strong>Ll\u0177r Williams<\/strong>, piano<\/p>\n<p><strong>Richard Dubugnon<\/strong> (1968 &#8211; )<br \/>\n<em>Quintette \u00e0 cordes op.53 \u201cPentalog\u201d<\/em>Commande du Verbier Festival et du Concertgebouw d\u2019Amsterdam<br \/>\n(Capu\u00e7on, Troussov, altiste \u00e0 d\u00e9terminer, Power, Capu\u00e7on)<\/p>\n<p><strong>Behzad Ranjbaran<\/strong> (1955 &#8211; )<br \/>\n<em>Fountains of Fin pour fl\u00fbte, violon et violoncelle<\/em>(Zukerman, violoniste Ye-Eun Choi, Hornung)<\/p>\n<p>Called &#8221; music&#8217;s magical realist&#8221; by the Philadelphia Inquirer, Behzad Ranjbaran was born in 1955 in Tehran, Iran. Mr. Ranjbaran is the recipient of the Rudolf Nissim Award for his Violin Concerto and his works are played by some of the finest soloists and orchestras in the world. His musical education started early when he entered the Tehran Music Conservatory at the age of nine. He came to the United States in 1974 to attend Indiana University and received his doctorate in composition from The Juilliard School, where he currently serves on the faculty. Composed in 2008, Fountains of Fin is an exotic and lyrical work inspired by one of the most enchanting gardens in the world &#8212; the garden also has a dark and brutal history, and the 12 minute work reflects both the beauty and the violence of its past.<\/p>\n<p><strong>Jean Sibelius<\/strong> (1865 \u2013 1957)<br \/>\n<em>Quintette pour piano et cordes en sol mineur<\/em><br \/>\n\u2014Grave \u2013 Allegro<br \/>\n\u2014Andante<br \/>\n\u2014Scherzo : Vivacissimo<br \/>\n\u2014Intermezzo : Moderato<br \/>\n\u2014Moderato \u2013 Vivace<br \/>\n(Williams, Troussov, Choi, Power, Hornung)<\/p>\n<p><a href=\"http:\/\/www.verbierfestival.com\/programme-tickets\/\" target=\"new\">Complete 2011 Verbier Festival Program<\/a><\/p>\n<div id=\"wp_fb_like_button\" style=\"margin:5px 0;float:none;height:34px;\"><script src=\"http:\/\/connect.facebook.net\/en_US\/all.js#xfbml=1\"><\/script><fb:like href=\"http:\/\/www.musicalamerica.com\/mablogs\/?page_id=1869\" send=\"false\" layout=\"standard\" width=\"450\" show_faces=\"false\" font=\"arial\" action=\"like\" colorscheme=\"light\"><\/fb:like><\/div>","protected":false},"excerpt":{"rendered":"<p>July 17 11:00 Eglise Dmitry Sitkovetsky, Kirill Troussov, violon Nobuko Imai, alto Frans Helmerson, violoncelle Eugenia Zukerman, fl\u00fbte Alexander Bedenko, clarinette Robert Gleadow, baryton-basse Elena Bashkirova, piano Hanns Eisler (1898 \u2013 1962) Vierzehn Arten, den Regen zu beschreiben, variations pour vents, cordes et piano op.70 (Zukerman, Bedenko, Sitkovetksy, Imai, Helmerson, Bashkirova) Duo pour violon et [&hellip;]<\/p>\n","protected":false},"author":1,"featured_media":0,"parent":29062,"menu_order":1057,"comment_status":"open","ping_status":"open","template":"","meta":{"footnotes":""},"aioseo_notices":[],"_links":{"self":[{"href":"http:\/\/www.musicalamerica.com\/mablogs\/index.php?rest_route=\/wp\/v2\/pages\/1869"}],"collection":[{"href":"http:\/\/www.musicalamerica.com\/mablogs\/index.php?rest_route=\/wp\/v2\/pages"}],"about":[{"href":"http:\/\/www.musicalamerica.com\/mablogs\/index.php?rest_route=\/wp\/v2\/types\/page"}],"author":[{"embeddable":true,"href":"http:\/\/www.musicalamerica.com\/mablogs\/index.php?rest_route=\/wp\/v2\/users\/1"}],"replies":[{"embeddable":true,"href":"http:\/\/www.musicalamerica.com\/mablogs\/index.php?rest_route=%2Fwp%2Fv2%2Fcomments&post=1869"}],"version-history":[{"count":25,"href":"http:\/\/www.musicalamerica.com\/mablogs\/index.php?rest_route=\/wp\/v2\/pages\/1869\/revisions"}],"predecessor-version":[{"id":1925,"href":"http:\/\/www.musicalamerica.com\/mablogs\/index.php?rest_route=\/wp\/v2\/pages\/1869\/revisions\/1925"}],"up":[{"embeddable":true,"href":"http:\/\/www.musicalamerica.com\/mablogs\/index.php?rest_route=\/wp\/v2\/pages\/29062"}],"wp:attachment":[{"href":"http:\/\/www.musicalamerica.com\/mablogs\/index.php?rest_route=%2Fwp%2Fv2%2Fmedia&parent=1869"}],"curies":[{"name":"wp","href":"https:\/\/api.w.org\/{rel}","templated":true}]}}